{"id":2,"date":"2018-03-26T11:37:43","date_gmt":"2018-03-26T09:37:43","guid":{"rendered":"http:\/\/localhost\/asesoriamcl\/?page_id=2"},"modified":"2019-11-27T12:49:13","modified_gmt":"2019-11-27T11:49:13","slug":"inicio","status":"publish","type":"page","link":"https:\/\/www.asesoriamcl.es\/","title":{"rendered":"Conocenos"},"content":{"rendered":"<p>Asesoria y Consultoria MCL tiene una experiencia de m\u00e1s de<strong> 25 a\u00f1os<\/strong> al servicio de los <em>Profesionales, Emprendedores y la Peque\u00f1a y Mediana Empresa.<\/em><\/p>\n<p>En el mundo digital y ante los cambios habidos en los \u00faltimos a\u00f1os en los canales de informaci\u00f3n y de negocios surgen necesidades como la <em>inmediatez de la disponibilidad de la\u00a0 informaci\u00f3n cr\u00edtica de la empresa o los servicios adaptados a la movilidad.<\/em><\/p>\n<p>En el camino que emprendimos hace a\u00f1os hemos ido adaptando nuestro servicio a las necesidades de los Clientes y ahora damos un paso m\u00e1s all\u00e1 con la <em>habilitaci\u00f3n en internet de un canal de comunicaci\u00f3n m\u00e1s eficiente e inmediato y la disponibilidad de herramientas que har\u00e1n m\u00e1s f\u00e1cil su tarea<\/em>.<\/p>\n<p>Ahora todos <strong>nuestros Clientes disponen de su propio espacio\u00a0 en nuestra web<\/strong> con multiples servicios y posibilidades que complementan nuestros servicios de Asesoramiento Fiscal y Laboral, Contabilidad, Nominas, Impuestos y los Servicios Personalizados habituales.<\/p>\n<p>Nuevos tiempos y\u00a0 Nuevas SOLUCIONES.<\/p>\n<p>Asesoria y Consultoria MCL<\/p>\n<p><img loading=\"lazy\" class=\"aligncenter wp-image-106 size-full\" src=\"http:\/\/www.asesoriamcl.es\/Data\/uploads\/2018\/03\/iconmanos-1.png\" alt=\"\" width=\"69\" height=\"64\" \/><\/p>\n","protected":false},"excerpt":{"rendered":"<p>&hellip;<\/p>\n","protected":false},"author":4,"featured_media":0,"parent":0,"menu_order":1,"comment_status":"closed","ping_status":"closed","template":"","meta":[],"_links":{"self":[{"href":"https:\/\/www.asesoriamcl.es\/index.php\/wp-json\/wp\/v2\/pages\/2"}],"collection":[{"href":"https:\/\/www.asesoriamcl.es\/index.php\/wp-json\/wp\/v2\/pages"}],"about":[{"href":"https:\/\/www.asesoriamcl.es\/index.php\/wp-json\/wp\/v2\/types\/page"}],"author":[{"embeddable":true,"href":"https:\/\/www.asesoriamcl.es\/index.php\/wp-json\/wp\/v2\/users\/4"}],"replies":[{"embeddable":true,"href":"https:\/\/www.asesoriamcl.es\/index.php\/wp-json\/wp\/v2\/comments?post=2"}],"version-history":[{"count":22,"href":"https:\/\/www.asesoriamcl.es\/index.php\/wp-json\/wp\/v2\/pages\/2\/revisions"}],"predecessor-version":[{"id":930,"href":"https:\/\/www.asesoriamcl.es\/index.php\/wp-json\/wp\/v2\/pages\/2\/revisions\/930"}],"wp:attachment":[{"href":"https:\/\/www.asesoriamcl.es\/index.php\/wp-json\/wp\/v2\/media?parent=2"}],"curies":[{"name":"wp","href":"https:\/\/api.w.org\/{rel}","templated":true}]}}