{"id":939,"date":"2019-12-27T13:16:20","date_gmt":"2019-12-27T12:16:20","guid":{"rendered":"http:\/\/www.asesoriamcl.es\/?page_id=939"},"modified":"2019-12-27T13:16:20","modified_gmt":"2019-12-27T12:16:20","slug":"politica-de-cookies","status":"publish","type":"page","link":"https:\/\/www.asesoriamcl.es\/index.php\/politica-de-cookies\/","title":{"rendered":"POLITICA DE COOKIES"},"content":{"rendered":"\n<p><strong>\u00bfQu\u00e9 son las cookies?<\/strong><\/p>\n\n\n\n<p>Una cookie es un fichero que se descarga en su ordenador al \nacceder a determinadas p\u00e1ginas web. Las cookies permiten a una p\u00e1gina \nweb, entre otras cosas, almacenar y recuperar informaci\u00f3n sobre los \nh\u00e1bitos de navegaci\u00f3n de un usuario o de su equipo y, dependiendo de la \ninformaci\u00f3n que contengan y de la forma en que utilice su equipo, pueden\n utilizarse para reconocer al usuario.<strong>\u00bfQu\u00e9 tipos de cookies utiliza esta p\u00e1gina web?<\/strong><\/p>\n\n\n\n<p><strong>\u2022 Cookies propias:<\/strong> Son aqu\u00e9llas que se \nenv\u00edan al equipo terminal del usuario desde un equipo o dominio \ngestionado por el propio editor y desde el que se presta el servicio \nsolicitado por el usuario.<\/p>\n\n\n\n<p><strong>\u2022 Cookies de tercero:<\/strong> Son aqu\u00e9llas que se \nenv\u00edan al equipo terminal del usuario desde un equipo o dominio que no \nes gestionado por el editor, sino por otra entidad que trata los datos \nobtenidos trav\u00e9s de las cookies.<\/p>\n\n\n\n<p><strong>\u2022 Cookies de sesi\u00f3n:<\/strong> Son un tipo de cookies dise\u00f1adas para recabar y almacenar datos mientras el usuario accede a una p\u00e1gina web.<\/p>\n\n\n\n<p><strong>\u2022 Cookies persistentes:<\/strong> Son un tipo de \ncookies en el que los datos siguen almacenados en el terminal y pueden \nser accedidos y tratados durante un periodo definido por el responsable \nde la cookie, y que puede ir de unos minutos a varios a\u00f1os.<\/p>\n\n\n\n<p><strong>\u2022 Cookies de an\u00e1lisis: <\/strong>Son aqu\u00e9llas que bien\n tratadas por nosotros o por terceros, nos permiten cuantificar el \nn\u00famero de usuarios y as\u00ed realizar la medici\u00f3n y an\u00e1lisis estad\u00edstico de \nla utilizaci\u00f3n que hacen los usuarios del servicio ofertado. Para ello \nse analiza su navegaci\u00f3n en nuestra p\u00e1gina web con el fin de mejorar la \noferta de productos o servicios que le ofrecemos. Las condiciones de \nutilizaci\u00f3n de estas cookies y la informaci\u00f3n recopilada se regula por \nla pol\u00edtica de privacidad de la herramienta de anal\u00edtica \ncorrespondiente:<\/p>\n\n\n\n<p>\n             \u2714 <a href=\"https:\/\/piwik.org\/blog\/2011\/03\/piwik-1-2-custom-variables-first-party-cookies-and-more\/\"><strong>Piwik<\/strong><\/a><br>\n             \u2714 <a href=\"https:\/\/www.google.com\/policies\/privacy\/\"><strong>Google Analytics<\/strong><\/a><br>\n             \u2714 <a href=\"https:\/\/www.crazyegg.com\/privacy\"><strong>Crazy Egg<\/strong><\/a>\n        <\/p>\n\n\n\n<p><strong>\u2022 Cookies publicitarias:  <\/strong>Son aqu\u00e9llas que \npermiten la gesti\u00f3n, de la forma m\u00e1s eficaz posible, de los espacios \npublicitarios que, en su caso, el editor haya incluido en una p\u00e1gina \nweb, aplicaci\u00f3n o plataforma desde la que presta el servicio solicitado \nen base a criterios como el contenido editado o la frecuencia en la que \nse muestran los anuncios.<\/p>\n\n\n\n<p><strong>\u2022 Cookies de publicidad comportamental: <\/strong>Son \naqu\u00e9llas que permiten la gesti\u00f3n, de la forma m\u00e1s eficaz posible, de los\n espacios publicitarios que, en su caso, el editor haya incluido en una \np\u00e1gina web, aplicaci\u00f3n o plataforma desde la que presta el servicio \nsolicitado. Estas cookies almacenan informaci\u00f3n del comportamiento de \nlos usuarios obtenida a trav\u00e9s de la observaci\u00f3n continuada de sus \nh\u00e1bitos de navegaci\u00f3n, lo que permite desarrollar un perfil espec\u00edfico \npara mostrar publicidad en funci\u00f3n del mismo <\/p>\n\n\n\n<p><strong>\u2022 Cookies sociales: <\/strong>Cookies de redes \nsociales externas, que se utilizan para que los visitantes puedan  \ninteractuar con el contenido de diferentes plataformas sociales \n(Facebook, Google, Twitter, LinkedIn, Addthis, etc.) y que se generan \n\u00fanicamente para los usuarios de dichas redes sociales. Las condiciones \nde utilizaci\u00f3n de estas cookies y la informaci\u00f3n recopilada se regula \npor la pol\u00edtica de privacidad de la plataforma social correspondiente:<\/p>\n\n\n\n<p>\n             \u2714 <a href=\"https:\/\/es-es.facebook.com\/privacy\/explanation\"><strong>Facebook<\/strong><\/a><br>\n             \u2714 <a href=\"https:\/\/www.google.com\/intl\/es\/policies\/technologies\/cookies\/\"><strong>Google<\/strong><\/a><br>\n             \u2714 <a href=\"https:\/\/twitter.com\/privacy?lang=es\"><strong>Twitter<\/strong><\/a><br>\n             \u2714 <a href=\"https:\/\/www.linkedin.com\/legal\/cookie-policy\"><strong>Linkedin<\/strong><\/a><br>\n             \u2714 <a href=\"http:\/\/www.addthis.com\/privacy\"><strong>AddThis<\/strong><\/a>\n        <\/p>\n\n\n\n<p>Utilizamos esta informaci\u00f3n para mejorar nuestras p\u00e1ginas, \ndetectar nuevas necesidades y valorar las mejoras a introducir con la \nfinalidad de prestar un mejor servicio a los usuarios que nos visitan \nadapt\u00e1ndolas por ejemplo a los navegadores o terminales m\u00e1s utilizados.<\/p>\n\n\n\n<p>Asimismo es posible que al visitar alguna pagina web o al  abrir alg\u00fan email donde se publique alg\u00fan anuncio o alguna promoci\u00f3n  sobre nuestros productos o servicios se instale en tu navegador alguna  cookie que nos sirve para mostrarte posteriormente publicidad  relacionada con la b\u00fasqueda que hayas realizado, desarrollar un control  de nuestros anuncios en relaci\u00f3n, por ejemplo, con el numero de veces  que son vistos, donde aparecen, a que hora se ven, etc.<\/p>\n\n\n\n<p><strong>Revocaci\u00f3n y eliminaci\u00f3n de cookies<\/strong><\/p>\n\n\n\n<p>Usted puede permitir, bloquear o eliminar las cookies \ninstaladas en su equipo mediante la configuraci\u00f3n de las opciones del \nnavegador instalado en su ordenador, en caso que no permita la \ninstalaci\u00f3n de cookies en su navegador es posible que no pueda acceder a\n alguna de las secciones de nuestra web.<\/p>\n\n\n\n<p>Para permitir, conocer, bloquear o eliminar las cookies \ninstaladas en tu equipo puedes hacerlo mediante la configuraci\u00f3n de las \nopciones del navegador instalado en su ordenador.<\/p>\n\n\n\n<p>Por ejemplo puedes encontrar informaci\u00f3n sobre como hacerlo como hacerlo en el caso que uses como navegador:<\/p>\n\n\n\n<p>\n             \u2714 <a href=\"https:\/\/support.mozilla.org\/es\/kb\/habilitar-y-deshabilitar-cookies-que-los-sitios-we\"><strong>Firefox<\/strong><\/a><br>\n             \u2714 <a href=\"https:\/\/support.google.com\/chrome\/answer\/95647?hl=es\"><strong>Chrome<\/strong><\/a><br>\n             \u2714 <a href=\"https:\/\/support.microsoft.com\/es-es\/help\/17442\/windows-internet-explorer-delete-manage-cookies\"><strong>Explorer<\/strong><\/a><br>\n             \u2714 <a href=\"https:\/\/support.apple.com\/kb\/ph5042?locale=en_US\"><strong>Safari<\/strong><\/a><br>\n        <\/p>\n\n\n\n<p>Los posibles datos personales regidos por las cookies se quedan en \nel ordenador del usuario y por lo tanto nadie puede acceder a ellos. Sin\n embargo, si usted quiere  ampliar informaci\u00f3n puede consultar nuestra \nPol\u00edtica de Privacidad. A pesar de todo, si alguna cookie fuera \nalmacenada, se suprimir\u00eda autom\u00e1ticamente en los 13 meses siguientes.<\/p>\n\n\n\n<p>Si deseas mas informaci\u00f3n sobre el uso de cookies puedes solicit\u00e1rnosla a <a href=\"mailto:acimcl@asesoriamcl.es\"><strong>acimcl@asesoriamcl.es<\/strong><\/a><\/p>\n","protected":false},"excerpt":{"rendered":"<p>&hellip;<\/p>\n","protected":false},"author":4,"featured_media":0,"parent":0,"menu_order":0,"comment_status":"closed","ping_status":"closed","template":"","meta":[],"_links":{"self":[{"href":"https:\/\/www.asesoriamcl.es\/index.php\/wp-json\/wp\/v2\/pages\/939"}],"collection":[{"href":"https:\/\/www.asesoriamcl.es\/index.php\/wp-json\/wp\/v2\/pages"}],"about":[{"href":"https:\/\/www.asesoriamcl.es\/index.php\/wp-json\/wp\/v2\/types\/page"}],"author":[{"embeddable":true,"href":"https:\/\/www.asesoriamcl.es\/index.php\/wp-json\/wp\/v2\/users\/4"}],"replies":[{"embeddable":true,"href":"https:\/\/www.asesoriamcl.es\/index.php\/wp-json\/wp\/v2\/comments?post=939"}],"version-history":[{"count":1,"href":"https:\/\/www.asesoriamcl.es\/index.php\/wp-json\/wp\/v2\/pages\/939\/revisions"}],"predecessor-version":[{"id":940,"href":"https:\/\/www.asesoriamcl.es\/index.php\/wp-json\/wp\/v2\/pages\/939\/revisions\/940"}],"wp:attachment":[{"href":"https:\/\/www.asesoriamcl.es\/index.php\/wp-json\/wp\/v2\/media?parent=939"}],"curies":[{"name":"wp","href":"https:\/\/api.w.org\/{rel}","templated":true}]}}